{"id":3,"date":"2026-01-17T11:32:43","date_gmt":"2026-01-17T10:32:43","guid":{"rendered":"http:\/\/zlotedomy.pl\/?page_id=3"},"modified":"2026-01-17T14:32:43","modified_gmt":"2026-01-17T13:32:43","slug":"polityka-prywatnosci","status":"publish","type":"page","link":"https:\/\/zlotedomy.pl\/?page_id=3","title":{"rendered":"Polityka prywatno\u015bci"},"content":{"rendered":"\t\t<div data-elementor-type=\"wp-page\" data-elementor-id=\"3\" class=\"elementor elementor-3\">\n\t\t\t\t<div class=\"elementor-element elementor-element-a570a85 e-flex e-con-boxed e-con e-parent\" data-id=\"a570a85\" data-element_type=\"container\">\n\t\t\t\t\t<div class=\"e-con-inner\">\n\t\t\t\t<div class=\"elementor-element elementor-element-6471c524 elementor-widget elementor-widget-text-editor\" data-id=\"6471c524\" data-element_type=\"widget\" data-widget_type=\"text-editor.default\">\n\t\t\t\t\t\t\t\t\t<p><b>POLITYKA<\/b>\u00a0<b>PRYWATNO\u015aCI<\/b><\/p>\n<p><b><br \/><\/b>Tu znajdziesz opis tego kiedy i w jaki spos\u00f3b zbierane i przetwarzane przez nas s\u0105<br \/>Twoje dane osobowe.<\/p>\n<p>\u00a0<\/p>\n<p>Administratorem strony www.zlotedomy.pl oraz administratorem Twoich danych<br \/>osobowych w rozumieniu przepis\u00f3w o ochronie danych osobowych jest Sun Haus Sp. z<br \/>o.o., firma Sun Haus, prowadz\u0105ca dzia\u0142alno\u015b\u0107 pod adresem ul.G\u0142ogowska 31\/33, 60-702<br \/>Pozna\u0144, zarejestrowana w Centralnej Ewidencji i Informacji o Dzia\u0142alno\u015bci Gospodarczej<br \/>nadzorowanej przez Ministra Gospodarki Rzeczypospolitej Polskiej, NIP: 7792554538,<br \/>REGON: 525279866, zwana dalej \u201esprzedawc\u0105\u201d.<\/p>\n<p>\u00a0<\/p>\n<p><b>Bezpiecze\u0144stwo<\/b><br \/>Jako administrator Twoich danych osobowych gwarantujemy Ci, \u017ce przekazane nam<br \/>przez Ciebie dane osobowe pozostaj\u0105 poufne, s\u0105 gromadzone ze staranno\u015bci\u0105 i<br \/>chronione przed dost\u0119pem przez osoby nieupowa\u017cnione. Zapewniam podj\u0119cie<br \/>wszelkich \u015brodk\u00f3w bezpiecze\u0144stwa i ochrony danych osobowych wymaganych przez<br \/>przepisy o ochronie danych osobowych (m.in. certyfikat SSL dla domeny, ochrona<br \/>antywirusowa na sprz\u0119cie wykorzystywanym do przetwarzania danych, dost\u0119p do<br \/>sprz\u0119tu zabezpieczony u\u017cytkownikiem i has\u0142em, dost\u0119p do system\u00f3w, w kt\u00f3rych<br \/>przetwarzane s\u0105 dane zabezpieczony u\u017cytkownikiem i has\u0142em).<\/p>\n<p>\u00a0<\/p>\n<p><b>Twoje prawa<\/b><br \/>Zgodnie z RODO \u2013 Rozporz\u0105dzeniem Og\u00f3lnym o Ochronie Danych Osobowych;<br \/>Rozporz\u0105dzeniem Parlamentu Europejskiego i Rady (UE) 2016\/679 z dnia 27 kwietnia<br \/>2016r, masz prawo do dost\u0119pu do swoich danych, sprostowania, usuni\u0119cia lub<br \/>ograniczenia ich przetwarzania, prawo wniesienia sprzeciwu, przenoszenia danych,<br \/>prawo wniesienia skargi do organy nadzorczego oraz odwo\u0142ania zgody na<br \/>przetwarzanie danych osobowych. Aby skorzysta\u0107 z tych praw, skontaktuj si\u0119 z nami<br \/>pod adresem kontakt@domw7dni.pl.<\/p>\n<p>\u00a0<\/p>\n<p><b>Formularz kontaktowy i kontakt email \/ telefoniczny<\/b><br \/>Korzystaj\u0105c z formularza kontaktowego b\u0105d\u017a kontaktuj\u0105c si\u0119 z nami za po\u015brednictwem<br \/>poczty elektronicznej czy telefonu, przekazujesz nam swoje imi\u0119 i nazwisko i adres email jako adres nadawcy wiadomo\u015bci b\u0105d\u017a numer telefonu. W tre\u015bci wiadomo\u015bci mo\u017cesz<br \/>zawrze\u0107 r\u00f3wnie\u017c inne dane osobowe. Podstaw\u0105 prawn\u0105 przetwarzania danych<br \/>osobowych w takim przypadku jest Twoja zgoda wynikaj\u0105ca z zainicjowania z nami<br \/>kontaktu (art. 6 ust. 1 lit. a RODO). Twoje dane osobowe przekazywane nam w ramach<br \/>kontaktu przetwarzane s\u0105 w celu obs\u0142ugi Twojego zapytania. Tre\u015b\u0107 korespondencji<br \/>mo\u017ce podlega\u0107 archiwizacji.<\/p>\n<p>\u00a0<\/p>\n<p><b>Powierzenie przetwarzania danych osobowych<\/b><br \/>Wszystkie podmioty, kt\u00f3rym powierzam przetwarzanie danych osobowych gwarantuj\u0105<br \/>stosowanie odpowiednich \u015brodk\u00f3w ochrony i bezpiecze\u0144stwa danych osobowych<br \/>wymaganych przez przepisy prawa. Powierzam przetwarzanie danych nast\u0119puj\u0105cym<br \/>podmiotom:<br \/>Dostawca serwera, na kt\u00f3rym umieszczona jest strona HITME.pl \u2013 MAREK BAJERSKI<br \/>ul. F. Mamuszki 17A 80-178 Gda\u0144sk, Polska (PL) NIP: 8792487067<\/p>\n<p>\u00a0<\/p>\n<p><b>Pliki cookies<\/b><br \/>Strona korzysta z plik\u00f3w cookies, kt\u00f3re zapisywane s\u0105 na komputerze osoby<br \/>odwiedzaj\u0105cej stron\u0119. Pliki te umo\u017cliwiaj\u0105 poprawne jej funkcjonowanie, identyfikuj\u0105<br \/>dane Twojego urz\u0105dzenia i przegl\u0105darki, nie s\u0142u\u017c\u0105 za\u015b do identyfikacji Twojej<br \/>to\u017csamo\u015bci. Niekt\u00f3re cookies s\u0105 usuwane po zako\u0144czeniu sesji przegl\u0105darki<br \/>internetowej, tzn. po jej zamkni\u0119ciu, inne cookies s\u0105 zachowywane na Twoim<br \/>urz\u0105dzeniu ko\u0144cowym i umo\u017cliwiaj\u0105 nam rozpoznanie Twojej przegl\u0105darki przy<br \/>kolejnym wej\u015bciu na stron\u0119.<\/p>\n<p>Masz prawo do modyfikacji, usuni\u0119cia lub zaprzestania korzystania z plik\u00f3w cookies<br \/>poprzez dokonanie odpowiednich ustawie\u0144 w przegl\u0105darce z kt\u00f3rej korzystasz.<br \/>Wy\u0142\u0105czenie lub ograniczenie obs\u0142ugi plik\u00f3w cookies mo\u017ce powodowa\u0107 trudno\u015bci w<br \/>korzystaniu ze strony.<\/p>\t\t\t\t\t\t\t\t<\/div>\n\t\t\t\t\t<\/div>\n\t\t\t\t<\/div>\n\t\t\t\t<\/div>\n\t\t","protected":false},"excerpt":{"rendered":"<p>POLITYKA\u00a0PRYWATNO\u015aCI Tu znajdziesz opis tego kiedy i w jaki spos\u00f3b zbierane i przetwarzane przez nas s\u0105Twoje dane osobowe. \u00a0 Administratorem strony www.zlotedomy.pl oraz administratorem Twoich danychosobowych w rozumieniu przepis\u00f3w o ochronie danych osobowych jest Sun Haus Sp. zo.o., firma Sun Haus, prowadz\u0105ca dzia\u0142alno\u015b\u0107 pod adresem ul.G\u0142ogowska 31\/33, 60-702Pozna\u0144, zarejestrowana w Centralnej Ewidencji i Informacji o [&hellip;]<\/p>\n","protected":false},"author":1,"featured_media":0,"parent":0,"menu_order":0,"comment_status":"closed","ping_status":"open","template":"","meta":{"footnotes":""},"class_list":["post-3","page","type-page","status-publish","hentry"],"_links":{"self":[{"href":"https:\/\/zlotedomy.pl\/index.php?rest_route=\/wp\/v2\/pages\/3","targetHints":{"allow":["GET"]}}],"collection":[{"href":"https:\/\/zlotedomy.pl\/index.php?rest_route=\/wp\/v2\/pages"}],"about":[{"href":"https:\/\/zlotedomy.pl\/index.php?rest_route=\/wp\/v2\/types\/page"}],"author":[{"embeddable":true,"href":"https:\/\/zlotedomy.pl\/index.php?rest_route=\/wp\/v2\/users\/1"}],"replies":[{"embeddable":true,"href":"https:\/\/zlotedomy.pl\/index.php?rest_route=%2Fwp%2Fv2%2Fcomments&post=3"}],"version-history":[{"count":7,"href":"https:\/\/zlotedomy.pl\/index.php?rest_route=\/wp\/v2\/pages\/3\/revisions"}],"predecessor-version":[{"id":78,"href":"https:\/\/zlotedomy.pl\/index.php?rest_route=\/wp\/v2\/pages\/3\/revisions\/78"}],"wp:attachment":[{"href":"https:\/\/zlotedomy.pl\/index.php?rest_route=%2Fwp%2Fv2%2Fmedia&parent=3"}],"curies":[{"name":"wp","href":"https:\/\/api.w.org\/{rel}","templated":true}]}}